{"id":197,"date":"2025-11-03T13:46:05","date_gmt":"2025-11-03T12:46:05","guid":{"rendered":"https:\/\/bold-stage.grc-media.com\/?page_id=197"},"modified":"2025-11-17T15:29:08","modified_gmt":"2025-11-17T14:29:08","slug":"privatlivspolitik","status":"publish","type":"page","link":"https:\/\/bold.dk\/betting\/privatlivspolitik\/","title":{"rendered":"Privacy Policy"},"content":{"rendered":"<div id=\"cs-content\" class=\"cs-content\"><div class=\"x-section e197-e1 m5h-0 m5h-1\"><div class=\"x-row x-container max width e197-e2 m5h-3 m5h-4 m5h-5 m5h-g m5h-h\"><div class=\"x-row-inner\"><div class=\"x-col e197-e3 m5h-s\"><div class=\"x-text x-text-headline e197-e4 m5h-t m5h-u\"><div class=\"x-text-content\"><div class=\"x-text-content-text\"><span class=\"x-text-content-text-subheadline\"><span style=\"color: #8095a9; font-family: open sans; font-weight: 400;\">17. nov 25 - 15:29<\/span><\/span>\n<h1 class=\"x-text-content-text-primary\">Privatlivspolitik<\/h1><\/div><\/div><\/div><\/div><\/div><\/div><div class=\"x-row x-container max width e197-e5 m5h-3 m5h-6 m5h-7 m5h-8 m5h-g m5h-i\"><div class=\"x-row-inner\"><div class=\"x-col e197-e6 m5h-s\"><div class=\"x-row x-container max width e197-e7 m5h-3 m5h-5 m5h-6 m5h-8 m5h-9 m5h-a m5h-g m5h-j\"><div class=\"x-row-inner\"><div class=\"x-col e197-e8 m5h-s\"><div class=\"x-text x-content e197-e9 m5h-10 m5h-11 m5h-12\"><p><span>Vi bruger cookies til at forbedre din oplevelse p\u00e5 hjemmesiden, evaluere brugen af individuelle elementer p\u00e5 hjemmesiden, og for at underst\u00f8tte markedsf\u00f8ring af vores services p\u00e5 siden. Vi \u00f8nsker at give fuld og komplet information om vores brug af cookies.\u00a0<\/span><\/p>\n<p><span>Alle informationer indsamlet via cookies behandles ansvarligt med respekt for dit privatliv og i henhold til relevant lovgivning.<\/span><\/p><\/div><\/div><\/div><\/div><\/div><\/div><\/div><\/div><div class=\"x-section e197-e10 m5h-0 m5h-2\"><div class=\"x-row x-container max width e197-e11 m5h-3 m5h-5 m5h-6 m5h-8 m5h-9 m5h-b m5h-g m5h-k\"><div class=\"x-row-inner\"><div class=\"x-col e197-e12 m5h-s\"><div class=\"x-text x-text-headline e197-e13 m5h-t m5h-v m5h-w m5h-x\"><div class=\"x-text-content\"><div class=\"x-text-content-text\"><h2 class=\"x-text-content-text-primary\">Kontakt<\/h2>\n<\/div><\/div><\/div><div class=\"x-text x-content e197-e14 m5h-11 m5h-12 m5h-13\"><p>GRC Media er ansvarlig for indsamling af data og opbevaring af personlige data Hentet fra bold.dk\/betting. Hvis du har nogle sp\u00f8rgsm\u00e5l, kontakt:<\/p>\n<p><strong>GRC Media AB<\/strong><\/p>\n<p>C\/o The Works, Medborgarplasten 25, 188<\/p>\n<p>72, Stockholm, Sweden<\/p>\n<p>Email: cookies@globalrevcorp.com<\/p>\n<p>Telefon: +46735702691<\/p><\/div><\/div><\/div><\/div><div class=\"x-row x-container max width e197-e15 m5h-3 m5h-5 m5h-6 m5h-9 m5h-c m5h-g m5h-l\"><div class=\"x-row-inner\"><div class=\"x-col e197-e16 m5h-s\"><div class=\"x-text x-text-headline e197-e17 m5h-t m5h-v m5h-w m5h-x\"><div class=\"x-text-content\"><div class=\"x-text-content-text\"><h2 class=\"x-text-content-text-primary\">Hvordan cookies benyttes p\u00e5 Bold.dk\/betting<\/h2>\n<\/div><\/div><\/div><div class=\"x-text x-content e197-e18 m5h-10 m5h-11 m5h-12\"><p><span>Bold.dk\/betting benytter cookies til:<\/span><\/p>\n\n<ul>\n \t<li><span>Indsamle statistik for hvor mange brugere vi har<\/span><\/li>\n \t<li><span>F\u00f8lge vores brugeres f\u00e6rdsel p\u00e5 hjemmesiden<\/span><\/li>\n \t<li><span>Spore konverteringer fra listede partnere<\/span><\/li>\n<\/ul>\n<p><span>Cookies benyttet p\u00e5 denne side afsl\u00f8rer ikke personlig identificerbar information omkring individuelles ageren.\u00a0<\/span><\/p>\n<p><span>bold.dk\/betting indsamler ogs\u00e5 trafik og f\u00e6rdselsm\u00f8nstre med Google Analytics.<\/span><\/p>\n<p><span>Cookies fra Google Analytics bruges til at analysere brugernes ageren p\u00e5 bold.dk\/betting. Denne information er ikke personlig identificerbar.<\/span><\/p>\n<p><span>Du kan frav\u00e6lge dig Google Analytics cookies <a href=\"https:\/\/support.google.com\/analytics\/answer\/181881?hl=en&amp;sjid=757725405210059586-EU\">her<\/a>.<\/span><\/p>\n<p><span>Du kan se en liste af cookies fra bold.dk\/betting <\/span><a href=\"https:\/\/bold.dk\/betting\/cookies\/\">her<\/a><span>.<\/span><\/p><\/div><\/div><\/div><\/div><div class=\"x-row x-container max width e197-e19 m5h-3 m5h-5 m5h-6 m5h-8 m5h-b m5h-d m5h-g m5h-m\"><div class=\"x-row-inner\"><div class=\"x-col e197-e20 m5h-s\"><div class=\"x-text x-text-headline e197-e21 m5h-t m5h-v m5h-w m5h-y\"><div class=\"x-text-content\"><div class=\"x-text-content-text\"><h3 class=\"x-text-content-text-primary\">Cookies<\/h3>\n<\/div><\/div><\/div><div class=\"x-text x-content e197-e22 m5h-10 m5h-11 m5h-12\"><p><span>Websitet anvender \u201dcookies\u201d, der er en tekstfil, som gemmes p\u00e5 din computer, mobil el. tilsvarende med det form\u00e5l at genkende den, huske indstillinger, udf\u00f8re statistik og m\u00e5lrette annoncer. Cookies kan ikke indeholde skadelig kode som f.eks. virus.<\/span><\/p>\n<p><span>Det er muligt at slette eller blokere for cookies. Se vejledning. Se instruktionerne nedenfor.<\/span><\/p>\n<p><span>Hvis du sletter eller blokerer cookies vil annoncer kunne blive mindre relevante for dig og optr\u00e6de hyppigere.<\/span><\/p><\/div><\/div><\/div><\/div><\/div><div class=\"x-section e197-e23 m5h-0 m5h-2\"><div class=\"x-row x-container max width e197-e24 m5h-3 m5h-5 m5h-6 m5h-8 m5h-b m5h-e m5h-g m5h-n\"><div class=\"x-row-inner\"><div class=\"x-col e197-e25 m5h-s\"><div class=\"x-text x-text-headline e197-e26 m5h-t m5h-v m5h-w m5h-y\"><div class=\"x-text-content\"><div class=\"x-text-content-text\"><h3 class=\"x-text-content-text-primary\">Her er vores cookiedeklaration<\/h3>\n<\/div><\/div><\/div><div class=\"x-text x-content e197-e27 m5h-10 m5h-11 m5h-12\">Den viser helt pr\u00e6cist hvilke cookies, der kan blive sat fra websitet, hvem der modtager data og hvad de data bliver brugt til.<\/div><\/div><\/div><\/div><\/div><div class=\"x-section e197-e28 m5h-0 m5h-2\"><div class=\"x-row x-container max width e197-e29 m5h-3 m5h-5 m5h-6 m5h-8 m5h-b m5h-e m5h-g m5h-o\"><div class=\"x-row-inner\"><div class=\"x-col e197-e30 m5h-s\"><div class=\"x-text x-text-headline e197-e31 m5h-t m5h-v m5h-w m5h-y\"><div class=\"x-text-content\"><div class=\"x-text-content-text\"><h3 class=\"x-text-content-text-primary\">Din accept<\/h3>\n<\/div><\/div><\/div><div class=\"x-text x-content e197-e32 m5h-10 m5h-11 m5h-12\"><p>Du accepterer brugen af vores cookies n\u00e5r du bev\u00e6ger dig rundt p\u00e5 bold.dk\/betting<\/p>\n<p>Du kan til hver en tid finde ud af hvilke data vi benytter om dig, hvor de kommer fra, hvad vi bruger dem til og hvordan du kan frav\u00e6lge dig dem her. Du kan ogs\u00e5 finde ud af hvor l\u00e6nge vi beholder dine personlige data og hvem der modtager data om dig til i henhold til hvor meget vi videregiver data i Danmark og i udlandet. Adgangen kan dog v\u00e6re begr\u00e6nset for at beskytte privatlivet af andre personer, forretningshemmeligheder og intellektuelle ophavsrettigheder.<\/p><\/div><\/div><\/div><\/div><\/div><div class=\"x-section e197-e33 m5h-0 m5h-2\"><div class=\"x-row x-container max width e197-e34 m5h-3 m5h-5 m5h-6 m5h-8 m5h-b m5h-e m5h-g m5h-p\"><div class=\"x-row-inner\"><div class=\"x-col e197-e35 m5h-s\"><div class=\"x-text x-text-headline e197-e36 m5h-t m5h-v m5h-w m5h-x\"><div class=\"x-text-content\"><div class=\"x-text-content-text\"><h2 class=\"x-text-content-text-primary\">Personoplysninger<\/h2>\n<\/div><\/div><\/div><div class=\"x-text x-text-headline e197-e37 m5h-t m5h-v m5h-w m5h-y\"><div class=\"x-text-content\"><div class=\"x-text-content-text\"><h3 class=\"x-text-content-text-primary\">Generelt<\/h3>\n<\/div><\/div><\/div><div class=\"x-text x-content e197-e38 m5h-10 m5h-11 m5h-12\"><p>Personoplysninger er alle slags informationer, der i et eller andet omfang kan henf\u00f8res til dig. N\u00e5r du benytter vores website indsamler og behandler vi en r\u00e6kke s\u00e5danne informationer. Det sker f.eks. ved alm. tilgang af indhold, hvis du tilmelder dig vores nyhedsbrev, deltager i konkurrencer eller unders\u00f8gelser, registrerer dig som bruger eller abonnent, \u00f8vrig brug af services eller foretager k\u00f8b via websitet.<\/p>\n<p>Vi indsamler og behandler typisk f\u00f8lgende typer af oplysninger: Et unikt ID og tekniske oplysninger om din computer, tablet eller mobiltelefon, dit IP-nummer, geografisk placering, samt hvilke sider du klikker p\u00e5 (interesser). I det omfang du selv giver eksplicit samtykke hertil og selv indtaster informationerne behandles desuden: Navn, telefonnummer, e-mail, adresse og betalingsoplysninger. Det vil typisk v\u00e6re i forbindelse med oprettelse af login eller ved k\u00f8b.<\/p><\/div><\/div><\/div><\/div><\/div><div class=\"x-section e197-e39 m5h-0 m5h-2\"><div class=\"x-row x-container max width e197-e40 m5h-3 m5h-5 m5h-6 m5h-8 m5h-b m5h-d m5h-g m5h-q\"><div class=\"x-row-inner\"><div class=\"x-col e197-e41 m5h-s\"><div class=\"x-text x-text-headline e197-e42 m5h-t m5h-w m5h-y m5h-z\"><div class=\"x-text-content\"><div class=\"x-text-content-text\"><h3 class=\"x-text-content-text-primary\">Sikkerhed<\/h3>\n<\/div><\/div><\/div><div class=\"x-text x-content e197-e43 m5h-10 m5h-11 m5h-12\">Vi har truffet tekniske og organisatoriske foranstaltninger mod, at dine oplysninger h\u00e6ndeligt eller ulovligt bliver slettet, offentliggjort, fortabt, forringet eller kommer til uvedkommendes kendskab, misbruges eller i \u00f8vrigt behandles i strid med lovgivningen.<\/div><div class=\"x-text x-text-headline e197-e44 m5h-t m5h-w m5h-y m5h-z\"><div class=\"x-text-content\"><div class=\"x-text-content-text\"><h3 class=\"x-text-content-text-primary\">Form\u00e5l<\/h3>\n<\/div><\/div><\/div><div class=\"x-text x-content e197-e45 m5h-10 m5h-11 m5h-12\">Oplysningerne bruges til at identificere dig som bruger og vise dig de annoncer, som vil have st\u00f8rst sandsynlighed for at v\u00e6re relevante for dig, at registrere dine k\u00f8b og betalinger, samt at kunne levere de services, du har efterspurgt, som f.eks. at fremsende et nyhedsbrev. Herudover anvender vi oplysningerne til at optimere vores services og indhold.<\/div><div class=\"x-text x-text-headline e197-e46 m5h-t m5h-w m5h-y m5h-z\"><div class=\"x-text-content\"><div class=\"x-text-content-text\"><h3 class=\"x-text-content-text-primary\">Periode for opbevaring<\/h3>\n<\/div><\/div><\/div><div class=\"x-text x-content e197-e47 m5h-10 m5h-11 m5h-12\">Oplysningerne opbevares i det tidsrum, der er tilladt i henhold til lovgivningen, og vi sletter dem, n\u00e5r de ikke l\u00e6ngere er n\u00f8dvendige. Perioden afh\u00e6nger af karakteren af oplysningen og baggrunden for opbevaring. Det er derfor ikke muligt at angive en generel tidsramme for, hvorn\u00e5r informationer slettes.<\/div><div class=\"x-text x-text-headline e197-e48 m5h-t m5h-w m5h-y m5h-z\"><div class=\"x-text-content\"><div class=\"x-text-content-text\"><h3 class=\"x-text-content-text-primary\">Videregivelse af oplysninger<\/h3>\n<\/div><\/div><\/div><div class=\"x-text x-content e197-e49 m5h-10 m5h-11 m5h-12\"><p>Data om din brug af websitet, hvilke annoncer, du modtager og evt. klikker p\u00e5, geografisk placering, k\u00f8n og alderssegment m.v. videregives til tredjeparter i det omfang disse oplysninger er kendt. Du kan se hvilke tredjeparter, der er tale om, i afsnittet om \u201dCookies\u201d ovenfor. Oplysningerne anvendes til m\u00e5lretning af annoncering.<\/p>\n<p>Vi benytter herudover en r\u00e6kke tredjeparter til opbevaring og behandling af data. Disse behandler udelukkende oplysninger p\u00e5 vores vegne og m\u00e5 ikke anvende dem til egne form\u00e5l.<\/p>\n<p>Videregivelse af personoplysninger som navn og e-mail m.v. vil kun ske, hvis du giver samtykke til det. Vi anvender kun databehandlere i EU eller i lande, der kan give dine oplysninger en tilstr\u00e6kkelig beskyttelse.<\/p><\/div><div class=\"x-text x-text-headline e197-e50 m5h-t m5h-w m5h-y m5h-z\"><div class=\"x-text-content\"><div class=\"x-text-content-text\"><h3 class=\"x-text-content-text-primary\">Indsigt og klager<\/h3>\n<\/div><\/div><\/div><div class=\"x-text x-content e197-e51 m5h-10 m5h-11 m5h-12\">Du har ret til at f\u00e5 oplyst, hvilke personoplysninger, vi behandler om dig. Du kan desuden til enhver tid g\u00f8re indsigelse mod, at oplysninger anvendes. Du kan ogs\u00e5 tilbagekalde dit samtykke til, at der bliver behandlet oplysninger om dig. Hvis de oplysninger, der behandles om dig, er forkerte har du ret til at de bliver rettet eller slettet. Henvendelse herom kan ske til: cookies@globalrevcorp.com. Hvis du vil klage over vores behandling af dine personoplysninger, har du ogs\u00e5 mulighed for at tage kontakt til Datatilsynet.<\/div><div class=\"x-text x-text-headline e197-e52 m5h-t m5h-w m5h-y m5h-z\"><div class=\"x-text-content\"><div class=\"x-text-content-text\"><h3 class=\"x-text-content-text-primary\">Hvordan undg\u00e5r og sletter du cookies?<\/h3>\n<\/div><\/div><\/div><div class=\"x-text x-content e197-e53 m5h-10 m5h-11 m5h-12\"><p><span>De fleste internetbrowsere giver dig mulighed for at slette cookies, blokere for dem eller advare dig og bede om din accept, f\u00f8r der gemmes en cookie. Alt efter hvilken browser du anvender, kan du i dens indstillinger og hj\u00e6lpefunktioner f\u00e5 information om, hvordan du s\u00e6tter din browser op til at behandle cookies. Vejledninger til sletning af cookies til de mest anvendte browsere findes her:<\/span><\/p>\n\n<ul>\n \t<li><a href=\"https:\/\/support.microsoft.com\/en-us\/windows\/manage-cookies-in-microsoft-edge-view-allow-block-delete-and-use-168dab11-0753-043d-7c16-ede5947fc64d\"><span>Microsoft<\/span><\/a><\/li>\n \t<li><a href=\"https:\/\/support.mozilla.org\/en-US\/kb\/clear-cookies-and-site-data-firefox\" rel=\"nofollow\"><span>Mozilla Firefox<\/span><\/a><\/li>\n \t<li><a href=\"https:\/\/support.google.com\/chrome\/answer\/95647\" rel=\"nofollow\"><span>Google Chrome<\/span><\/a><\/li>\n \t<li><a href=\"https:\/\/help.opera.com\/en\/latest\/web-preferences\/#cookies\" rel=\"nofollow\"><span>Opera<\/span><\/a><\/li>\n \t<li><a href=\"https:\/\/support.apple.com\/da-dk\/HT1677\" rel=\"nofollow\"><span>Safari<\/span><\/a><\/li>\n \t<li><a href=\"https:\/\/www.macromedia.com\/support\/documentation\/en\/flashplayer\/help\/settings_manager07.html\" rel=\"nofollow\"><span>Flash cookies (alle browsere)<\/span><\/a><\/li>\n \t<li><a href=\"https:\/\/discover.hubpages.com\/technology\/How-to-delete-internet-cookies-on-your-Droid-or-any-Android-device\" rel=\"nofollow\"><span>Telefoner med Android styresystem<\/span><\/a><\/li>\n<\/ul><\/div><\/div><\/div><\/div><\/div><div class=\"x-section e197-e54 m5h-0 m5h-2\"><div class=\"x-row x-container max width e197-e55 m5h-3 m5h-5 m5h-6 m5h-8 m5h-e m5h-f m5h-g m5h-r\"><div class=\"x-row-inner\"><div class=\"x-col e197-e56 m5h-s\"><div class=\"x-text x-text-headline e197-e57 m5h-t m5h-v m5h-w m5h-x\"><div class=\"x-text-content\"><div class=\"x-text-content-text\"><h2 class=\"x-text-content-text-primary\">Dine rettigheder<\/h2>\n<\/div><\/div><\/div><div class=\"x-text x-text-headline e197-e58 m5h-t m5h-v m5h-w m5h-y\"><div class=\"x-text-content\"><div class=\"x-text-content-text\"><h3 class=\"x-text-content-text-primary\">Retten til dataportabilitet<\/h3>\n<\/div><\/div><\/div><div class=\"x-text x-content e197-e59 m5h-10 m5h-11 m5h-14\"><span>S\u00e5fremt du har brug for at f\u00e5 dine personoplysninger, som du selv har afgivet til os, overf\u00f8rt til dig i et struktureret, almindeligt anvendt og maskinl\u00e6sbart format kan du henvende dig til <\/span><a href=\"mailto:contact@globalrevcorp.com\"><span>contact@globalrevcorp.com<\/span><\/a><span>.<\/span><\/div><div class=\"x-text x-text-headline e197-e60 m5h-t m5h-v m5h-w m5h-y\"><div class=\"x-text-content\"><div class=\"x-text-content-text\"><h3 class=\"x-text-content-text-primary\">Ret til at g\u00f8re indsigelse<\/h3>\n<\/div><\/div><\/div><div class=\"x-text x-content e197-e61 m5h-10 m5h-11 m5h-14\"><span>Du har en ubetinget ret til at mods\u00e6tte dig behandling af dine personoplysninger til brug for direkte markedsf\u00f8ring. Du har mulighed for at sende os en mail p\u00e5 contact@globalrevcorp.com,\u00a0 hvis du ikke \u00f8nsker at dine data bliver benyttet til at m\u00e5lrette indhold og annoncer til dig. Det betyder ikke, at du vil se mindre indhold eller f\u00e6rre annoncer, de vil blot ikke blive udvalgt til dig p\u00e5 basis af dine interesser.<\/span><span>\u00a0<\/span><\/div><\/div><\/div><\/div><\/div><\/div>","protected":false},"excerpt":{"rendered":"<p>17. nov 25 &#8211; 15:29 PrivatlivspolitikVi bruger cookies til at forbedre din oplevelse p\u00e5 hjemmesiden, evaluere brugen af individuelle elementer p\u00e5 hjemmesiden, og for at underst\u00f8tte markedsf\u00f8ring af vores services p\u00e5 siden. Vi \u00f8nsker at give fuld og komplet information om vores brug af cookies.\u00a0 Alle informationer indsamlet via cookies behandles ansvarligt med respekt for dit privatliv og i henhold &#8230; <\/p>\n<div><a href=\"https:\/\/bold.dk\/betting\/privatlivspolitik\/\" class=\"more-link\">Read More<\/a><\/div>\n","protected":false},"author":3,"featured_media":0,"parent":0,"menu_order":0,"comment_status":"closed","ping_status":"closed","template":"template-blank-4.php","meta":{"footnotes":""},"class_list":["post-197","page","type-page","status-publish","hentry","no-post-thumbnail"],"yoast_head":"<!-- This site is optimized with the Yoast SEO plugin v27.1.1 - https:\/\/yoast.com\/product\/yoast-seo-wordpress\/ -->\n<title>Privatlivspolitik | Bold.dk Betting<\/title>\n<meta name=\"description\" content=\"L\u00e6s hvordan Bold.dk Betting beskytter dine data, anvender cookies og sikrer dit privatliv i overensstemmelse med GDPR\" \/>\n<meta name=\"robots\" content=\"index, follow, max-snippet:-1, max-image-preview:large, max-video-preview:-1\" \/>\n<link rel=\"canonical\" href=\"https:\/\/bold.dk\/betting\/privatlivspolitik\/\" \/>\n<meta property=\"og:locale\" content=\"da_DK\" \/>\n<meta property=\"og:type\" content=\"article\" \/>\n<meta property=\"og:title\" content=\"Privatlivspolitik | Bold.dk Betting\" \/>\n<meta property=\"og:description\" content=\"L\u00e6s hvordan Bold.dk Betting beskytter dine data, anvender cookies og sikrer dit privatliv i overensstemmelse med GDPR\" \/>\n<meta property=\"og:url\" content=\"https:\/\/bold.dk\/betting\/privatlivspolitik\/\" \/>\n<meta property=\"og:site_name\" content=\"Bold Betting\" \/>\n<meta property=\"article:modified_time\" content=\"2025-11-17T14:29:08+00:00\" \/>\n<meta name=\"twitter:card\" content=\"summary_large_image\" \/>\n<meta name=\"twitter:label1\" content=\"Estimeret l\u00e6setid\" \/>\n\t<meta name=\"twitter:data1\" content=\"5 minutter\" \/>\n<script type=\"application\/ld+json\" class=\"yoast-schema-graph\">{\"@context\":\"https:\/\/schema.org\",\"@graph\":[{\"@type\":\"WebPage\",\"@id\":\"https:\/\/bold.dk\/betting\/privatlivspolitik\/\",\"url\":\"https:\/\/bold.dk\/betting\/privatlivspolitik\/\",\"name\":\"Privatlivspolitik | Bold.dk Betting\",\"isPartOf\":{\"@id\":\"https:\/\/bold.dk\/betting\/#website\"},\"datePublished\":\"2025-11-03T12:46:05+00:00\",\"dateModified\":\"2025-11-17T14:29:08+00:00\",\"description\":\"L\u00e6s hvordan Bold.dk Betting beskytter dine data, anvender cookies og sikrer dit privatliv i overensstemmelse med GDPR\",\"breadcrumb\":{\"@id\":\"https:\/\/bold.dk\/betting\/privatlivspolitik\/#breadcrumb\"},\"inLanguage\":\"da-DK\",\"potentialAction\":[{\"@type\":\"ReadAction\",\"target\":[\"https:\/\/bold.dk\/betting\/privatlivspolitik\/\"]}]},{\"@type\":\"BreadcrumbList\",\"@id\":\"https:\/\/bold.dk\/betting\/privatlivspolitik\/#breadcrumb\",\"itemListElement\":[{\"@type\":\"ListItem\",\"position\":1,\"name\":\"Home\",\"item\":\"https:\/\/bold.dk\/betting\/\"},{\"@type\":\"ListItem\",\"position\":2,\"name\":\"Privacy Policy\"}]},{\"@type\":\"WebSite\",\"@id\":\"https:\/\/bold.dk\/betting\/#website\",\"url\":\"https:\/\/bold.dk\/betting\/\",\"name\":\"Bold Betting\",\"description\":\"\",\"potentialAction\":[{\"@type\":\"SearchAction\",\"target\":{\"@type\":\"EntryPoint\",\"urlTemplate\":\"https:\/\/bold.dk\/betting\/?s={search_term_string}\"},\"query-input\":{\"@type\":\"PropertyValueSpecification\",\"valueRequired\":true,\"valueName\":\"search_term_string\"}}],\"inLanguage\":\"da-DK\"}]}<\/script>\n<!-- \/ Yoast SEO plugin. -->","yoast_head_json":{"title":"Privatlivspolitik | Bold.dk Betting","description":"L\u00e6s hvordan Bold.dk Betting beskytter dine data, anvender cookies og sikrer dit privatliv i overensstemmelse med GDPR","robots":{"index":"index","follow":"follow","max-snippet":"max-snippet:-1","max-image-preview":"max-image-preview:large","max-video-preview":"max-video-preview:-1"},"canonical":"https:\/\/bold.dk\/betting\/privatlivspolitik\/","og_locale":"da_DK","og_type":"article","og_title":"Privatlivspolitik | Bold.dk Betting","og_description":"L\u00e6s hvordan Bold.dk Betting beskytter dine data, anvender cookies og sikrer dit privatliv i overensstemmelse med GDPR","og_url":"https:\/\/bold.dk\/betting\/privatlivspolitik\/","og_site_name":"Bold Betting","article_modified_time":"2025-11-17T14:29:08+00:00","twitter_card":"summary_large_image","twitter_misc":{"Estimeret l\u00e6setid":"5 minutter"},"schema":{"@context":"https:\/\/schema.org","@graph":[{"@type":"WebPage","@id":"https:\/\/bold.dk\/betting\/privatlivspolitik\/","url":"https:\/\/bold.dk\/betting\/privatlivspolitik\/","name":"Privatlivspolitik | Bold.dk Betting","isPartOf":{"@id":"https:\/\/bold.dk\/betting\/#website"},"datePublished":"2025-11-03T12:46:05+00:00","dateModified":"2025-11-17T14:29:08+00:00","description":"L\u00e6s hvordan Bold.dk Betting beskytter dine data, anvender cookies og sikrer dit privatliv i overensstemmelse med GDPR","breadcrumb":{"@id":"https:\/\/bold.dk\/betting\/privatlivspolitik\/#breadcrumb"},"inLanguage":"da-DK","potentialAction":[{"@type":"ReadAction","target":["https:\/\/bold.dk\/betting\/privatlivspolitik\/"]}]},{"@type":"BreadcrumbList","@id":"https:\/\/bold.dk\/betting\/privatlivspolitik\/#breadcrumb","itemListElement":[{"@type":"ListItem","position":1,"name":"Home","item":"https:\/\/bold.dk\/betting\/"},{"@type":"ListItem","position":2,"name":"Privacy Policy"}]},{"@type":"WebSite","@id":"https:\/\/bold.dk\/betting\/#website","url":"https:\/\/bold.dk\/betting\/","name":"Bold Betting","description":"","potentialAction":[{"@type":"SearchAction","target":{"@type":"EntryPoint","urlTemplate":"https:\/\/bold.dk\/betting\/?s={search_term_string}"},"query-input":{"@type":"PropertyValueSpecification","valueRequired":true,"valueName":"search_term_string"}}],"inLanguage":"da-DK"}]}},"_links":{"self":[{"href":"https:\/\/bold.dk\/betting\/wp-json\/wp\/v2\/pages\/197","targetHints":{"allow":["GET"]}}],"collection":[{"href":"https:\/\/bold.dk\/betting\/wp-json\/wp\/v2\/pages"}],"about":[{"href":"https:\/\/bold.dk\/betting\/wp-json\/wp\/v2\/types\/page"}],"author":[{"embeddable":true,"href":"https:\/\/bold.dk\/betting\/wp-json\/wp\/v2\/users\/3"}],"replies":[{"embeddable":true,"href":"https:\/\/bold.dk\/betting\/wp-json\/wp\/v2\/comments?post=197"}],"version-history":[{"count":19,"href":"https:\/\/bold.dk\/betting\/wp-json\/wp\/v2\/pages\/197\/revisions"}],"predecessor-version":[{"id":759,"href":"https:\/\/bold.dk\/betting\/wp-json\/wp\/v2\/pages\/197\/revisions\/759"}],"wp:attachment":[{"href":"https:\/\/bold.dk\/betting\/wp-json\/wp\/v2\/media?parent=197"}],"curies":[{"name":"wp","href":"https:\/\/api.w.org\/{rel}","templated":true}]}}