{"id":216,"date":"2025-11-03T14:49:25","date_gmt":"2025-11-03T13:49:25","guid":{"rendered":"https:\/\/bold-stage.grc-media.com\/?page_id=216"},"modified":"2025-12-07T23:13:07","modified_gmt":"2025-12-07T22:13:07","slug":"cookies","status":"publish","type":"page","link":"https:\/\/bold.dk\/betting\/cookies\/","title":{"rendered":"Cookies"},"content":{"rendered":"<div id=\"cs-content\" class=\"cs-content\"><div class=\"x-section e216-e1 m60-0 m60-1\"><div class=\"x-row x-container max width e216-e2 m60-3 m60-4 m60-5 m60-6 m60-h m60-i\"><div class=\"x-row-inner\"><div class=\"x-col e216-e3 m60-t\"><div class=\"x-text x-text-headline e216-e4 m60-u m60-v m60-w m60-x\"><div class=\"x-text-content\"><div class=\"x-text-content-text\"><span class=\"x-text-content-text-subheadline\"><span style=\"color: #8095a9; font-family: open sans; font-weight: 400;\">07. dec 25 - 23:13<\/span><\/span>\n<h1 class=\"x-text-content-text-primary\">Cookie-liste<\/h1><\/div><\/div><\/div><\/div><\/div><\/div><div class=\"x-row x-container max width e216-e5 m60-3 m60-6 m60-7 m60-8 m60-9 m60-h m60-j\"><div class=\"x-row-inner\"><div class=\"x-col e216-e6 m60-t\"><div class=\"x-row x-container max width e216-e7 m60-3 m60-5 m60-6 m60-7 m60-9 m60-a m60-b m60-h m60-k\"><div class=\"x-row-inner\"><div class=\"x-col e216-e8 m60-t\"><div class=\"x-text x-content e216-e9 m60-12 m60-13 m60-14\">En cookie er et lille stykke data (tekstfil), som et websted \u2013 n\u00e5r det bes\u00f8ges af en bruger \u2013 beder din browser om at gemme p\u00e5 din enhed for at kunne huske oplysninger om dig, f.eks. dit foretrukne sprog eller dine loginoplysninger. Disse cookies fasts\u00e6ttes af os og kaldes f\u00f8rstepartscookies. Vi anvender ogs\u00e5 tredjepartscookies \u2013 som er cookies fra et andet dom\u00e6ne end dom\u00e6net for det websted, du bes\u00f8ger \u2013 til vores reklame- og marketingindsats. Mere specifikt bruger vi cookies og andre sporingsteknologier til f\u00f8lgende form\u00e5l:<\/div><\/div><\/div><\/div><\/div><\/div><\/div><\/div><div class=\"x-section e216-e10 m60-0 m60-2\"><div class=\"x-row x-container max width e216-e11 m60-3 m60-5 m60-6 m60-7 m60-9 m60-a m60-c m60-h m60-l\"><div class=\"x-row-inner\"><div class=\"x-col e216-e12 m60-t\"><div class=\"x-text x-text-headline e216-e13 m60-u m60-v m60-y m60-z\"><div class=\"x-text-content\"><div class=\"x-text-content-text\"><h3 class=\"x-text-content-text-primary\">Meget n\u00f8dvendige cookies<\/h3>\n<\/div><\/div><\/div><div class=\"x-text x-content e216-e14 m60-13 m60-14 m60-15\">Disse cookies er n\u00f8dvendige for, at hjemmesiden kan fungere og kan ikke sl\u00e5s fra i vores systemer. De er normalt kun indstillet som svar p\u00e5 handlinger foretaget af dig, f.eks. en anmodning om tjenester, som f.eks. indstilling af dine personlige pr\u00e6ferencer, indlogning eller udfyldning af en formular. Du kan indstille din browser til at blokere eller advare dig om disse cookies, men nogle dele af hjemmesiden vil dermed muligvis ikke fungere.<\/div><div class=\"x-row e216-e15 m60-3 m60-8 m60-d m60-h m60-m\"><div class=\"x-row-inner\"><div class=\"x-col e216-e16 m60-t\"><div class=\"x-grid e216-e17 m60-18\"><div class=\"x-cell e216-e18 m60-19 m60-1a m60-1b m60-1c m60-1d\"><div class=\"x-text x-text-headline e216-e19 m60-v m60-w m60-10\"><div class=\"x-text-content\"><div class=\"x-text-content-text\"><p class=\"x-text-content-text-primary\"><strong>Cookie-undergruppe<\/strong><\/p>\n<\/div><\/div><\/div><\/div><div class=\"x-cell e216-e20 m60-19 m60-1a m60-1b m60-1c m60-1e\"><div class=\"x-text x-text-headline e216-e21 m60-v m60-w m60-10\"><div class=\"x-text-content\"><div class=\"x-text-content-text\"><p class=\"x-text-content-text-primary\"><b>Cookies<\/b><\/p>\n<\/div><\/div><\/div><\/div><div class=\"x-cell e216-e22 m60-19 m60-1a m60-1b m60-1c m60-1e\"><div class=\"x-text x-text-headline e216-e23 m60-v m60-w m60-10\"><div class=\"x-text-content\"><div class=\"x-text-content-text\"><p class=\"x-text-content-text-primary\"><strong>Anvendte cookies Cookie<\/strong><\/p>\n<\/div><\/div><\/div><\/div><\/div><div class=\"x-grid e216-e24 m60-18\"><div class=\"x-cell e216-e25 m60-19 m60-1a m60-1e m60-1f m60-1g\"><div class=\"x-text x-content e216-e26 m60-12 m60-13 m60-16\">Bold.dk\/betting<\/div><\/div><div class=\"x-cell e216-e27 m60-19 m60-1b m60-1e m60-1g m60-1h m60-1i\"><div class=\"x-text x-content e216-e28 m60-12 m60-13 m60-16\"><span class=\"ot-cookies-td-content\"><a href=\"https:\/\/cookiepedia.co.uk\/cookies\/eupubconsent\" rel=\"noopener\" target=\"_blank\" aria-label=\"eupubconsent \u00c5bner i et nyt vindue\">eupubconsent<\/a>, <a href=\"https:\/\/cookiepedia.co.uk\/cookies\/wordpress_test_cookie\" rel=\"noopener\" target=\"_blank\" aria-label=\"wordpress_test_cookie \u00c5bner i et nyt vindue\">wordpress_test_cookie<\/a>, <a href=\"https:\/\/cookiepedia.co.uk\/cookies\/OptanonAlertBoxClosed\" rel=\"noopener\" target=\"_blank\" aria-label=\"OptanonAlertBoxClosed \u00c5bner i et nyt vindue\">OptanonAlertBoxClosed<\/a>, <a href=\"https:\/\/cookiepedia.co.uk\/cookies\/OptanonConsent\" rel=\"noopener\" target=\"_blank\" aria-label=\"OptanonConsent \u00c5bner i et nyt vindue\">OptanonConsent<\/a><\/span><\/div><\/div><div class=\"x-cell e216-e29 m60-19 m60-1b m60-1e m60-1g m60-1i\"><div class=\"x-text x-content e216-e30 m60-12 m60-13 m60-16\"><span class=\"ot-cookies-type-td-content\">F\u00f8rste fest<\/span><\/div><\/div><\/div><div class=\"x-grid e216-e31 m60-18\"><div class=\"x-cell e216-e32 m60-19 m60-1a m60-1e m60-1f m60-1g\"><div class=\"x-text x-content e216-e33 m60-12 m60-13 m60-16\"><a href=\"https:\/\/cookiepedia.co.uk\/host\/onetrust.com\" rel=\"noopener\" target=\"_blank\" aria-label=\"onetrust.com \u00c5bner i et nyt vindue\">onetrust.com<\/a><\/div><\/div><div class=\"x-cell e216-e34 m60-19 m60-1a m60-1e m60-1f m60-1g\"><div class=\"x-text x-content e216-e35 m60-12 m60-13 m60-16\"><span class=\"ot-cookies-td-content\">__cfduid<\/span><\/div><\/div><div class=\"x-cell e216-e36 m60-19 m60-1a m60-1e m60-1f m60-1g\"><div class=\"x-text x-content e216-e37 m60-12 m60-13 m60-16\">Tredjepart<\/div><\/div><\/div><div class=\"x-grid e216-e38 m60-18\"><div class=\"x-cell e216-e39 m60-19 m60-1a m60-1e m60-1f m60-1g\"><div class=\"x-text x-content e216-e40 m60-12 m60-13 m60-16\"><a href=\"https:\/\/cookiepedia.co.uk\/host\/cookielaw.org\" rel=\"noopener\" target=\"_blank\" aria-label=\"cookielaw.org \u00c5bner i et nyt vindue\">cookielaw.org<\/a><\/div><\/div><div class=\"x-cell e216-e41 m60-19 m60-1a m60-1e m60-1f m60-1g\"><div class=\"x-text x-content e216-e42 m60-12 m60-13 m60-16\"><span class=\"ot-cookies-td-content\">__cfduid<\/span><\/div><\/div><div class=\"x-cell e216-e43 m60-19 m60-1a m60-1e m60-1f m60-1g\"><div class=\"x-text x-content e216-e44 m60-12 m60-13 m60-16\">Tredjepart<\/div><\/div><\/div><\/div><\/div><\/div><\/div><\/div><\/div><div class=\"x-row x-container max width e216-e45 m60-3 m60-5 m60-6 m60-7 m60-a m60-e m60-h m60-n\"><div class=\"x-row-inner\"><div class=\"x-col e216-e46 m60-t\"><div class=\"x-text x-text-headline e216-e47 m60-u m60-v m60-y m60-z\"><div class=\"x-text-content\"><div class=\"x-text-content-text\"><h3 class=\"x-text-content-text-primary\">Performance cookies<\/h3>\n<\/div><\/div><\/div><div class=\"x-text x-content e216-e48 m60-12 m60-13 m60-14\">Disse cookies giver os mulighed for at t\u00e6lle bes\u00f8gende og trafikkilder, s\u00e5 vi kan m\u00e5le og forbedre ydeevnen af vores hjemmeside. De hj\u00e6lper os med at finde ud af, hvilke sider der er mest og mindst popul\u00e6re samt hvordan de bes\u00f8gende bev\u00e6ger sig rundt p\u00e5 hjemmesiden. Alle oplysninger, som disse cookies indsamler, er aggregerede og derfor anonyme. Hvis du ikke tillader disse cookies, vil vi ikke have information om, hvorn\u00e5r du har bes\u00f8gt vores hjemmeside.<\/div><div class=\"x-row e216-e49 m60-3 m60-8 m60-d m60-h m60-o\"><div class=\"x-row-inner\"><div class=\"x-col e216-e50 m60-t\"><div class=\"x-grid e216-e51 m60-18\"><div class=\"x-cell e216-e52 m60-19 m60-1a m60-1b m60-1c m60-1d\"><div class=\"x-text x-text-headline e216-e53 m60-v m60-w m60-10\"><div class=\"x-text-content\"><div class=\"x-text-content-text\"><p class=\"x-text-content-text-primary\"><strong>Cookie-undergruppe<\/strong><\/p>\n<\/div><\/div><\/div><\/div><div class=\"x-cell e216-e54 m60-19 m60-1a m60-1b m60-1c m60-1e\"><div class=\"x-text x-text-headline e216-e55 m60-v m60-w m60-10\"><div class=\"x-text-content\"><div class=\"x-text-content-text\"><p class=\"x-text-content-text-primary\"><b>Cookies<\/b><\/p>\n<\/div><\/div><\/div><\/div><div class=\"x-cell e216-e56 m60-19 m60-1a m60-1b m60-1c m60-1e\"><div class=\"x-text x-text-headline e216-e57 m60-v m60-w m60-10\"><div class=\"x-text-content\"><div class=\"x-text-content-text\"><p class=\"x-text-content-text-primary\"><strong>Anvendte cookies Cookie<\/strong><\/p>\n<\/div><\/div><\/div><\/div><\/div><div class=\"x-grid e216-e58 m60-18\"><div class=\"x-cell e216-e59 m60-19 m60-1a m60-1e m60-1f m60-1g\"><div class=\"x-text x-content e216-e60 m60-12 m60-13 m60-16\">Bold.dk\/betting<\/div><\/div><div class=\"x-cell e216-e61 m60-19 m60-1b m60-1e m60-1g m60-1i\"><div class=\"x-text x-content e216-e62 m60-12 m60-13 m60-16\">_gid, _ga<\/div><\/div><div class=\"x-cell e216-e63 m60-19 m60-1b m60-1e m60-1g m60-1i\"><div class=\"x-text x-content e216-e64 m60-12 m60-13 m60-16\"><span class=\"ot-cookies-type-td-content\">F\u00f8rste fest<\/span><\/div><\/div><\/div><\/div><\/div><\/div><\/div><\/div><\/div><div class=\"x-row x-container max width e216-e65 m60-3 m60-5 m60-6 m60-7 m60-9 m60-c m60-f m60-h m60-p\"><div class=\"x-row-inner\"><div class=\"x-col e216-e66 m60-t\"><div class=\"x-text x-text-headline e216-e67 m60-u m60-v m60-y m60-z\"><div class=\"x-text-content\"><div class=\"x-text-content-text\"><h3 class=\"x-text-content-text-primary\">M\u00e5lrettede cookie<\/h3>\n<\/div><\/div><\/div><div class=\"x-text x-content e216-e68 m60-12 m60-13 m60-14\">Disse cookies indstilles gennem vores side af vores reklamepartnere. De kan blive brugt af disse virksomheder til at opbygge en profil for dine interesser og vise dig relevante reklamer p\u00e5 andre hjemmesider. De identificerer din unikke browser og enhed. Hvis du ikke tillader disse cookies, vil du ikke opleve vores m\u00e5lrettet annoncering p\u00e5 tv\u00e6rs af forskellige hjemmesider.<\/div><div class=\"x-row e216-e69 m60-3 m60-8 m60-d m60-h m60-q\"><div class=\"x-row-inner\"><div class=\"x-col e216-e70 m60-t\"><div class=\"x-grid e216-e71 m60-18\"><div class=\"x-cell e216-e72 m60-19 m60-1a m60-1b m60-1c m60-1d\"><div class=\"x-text x-text-headline e216-e73 m60-v m60-w m60-10\"><div class=\"x-text-content\"><div class=\"x-text-content-text\"><p class=\"x-text-content-text-primary\"><strong>Cookie-undergruppe<\/strong><\/p>\n<\/div><\/div><\/div><\/div><div class=\"x-cell e216-e74 m60-19 m60-1a m60-1b m60-1c m60-1e\"><div class=\"x-text x-text-headline e216-e75 m60-v m60-w m60-10\"><div class=\"x-text-content\"><div class=\"x-text-content-text\"><p class=\"x-text-content-text-primary\"><b>Cookies<\/b><\/p>\n<\/div><\/div><\/div><\/div><div class=\"x-cell e216-e76 m60-19 m60-1a m60-1b m60-1c m60-1e\"><div class=\"x-text x-text-headline e216-e77 m60-v m60-w m60-10\"><div class=\"x-text-content\"><div class=\"x-text-content-text\"><p class=\"x-text-content-text-primary\"><strong>Anvendte cookies Cookie<\/strong><\/p>\n<\/div><\/div><\/div><\/div><\/div><div class=\"x-grid e216-e78 m60-18\"><div class=\"x-cell e216-e79 m60-19 m60-1a m60-1e m60-1f m60-1g\"><div class=\"x-text x-content e216-e80 m60-12 m60-13 m60-16\">Bold.dk\/betting<\/div><\/div><div class=\"x-cell e216-e81 m60-19 m60-1b m60-1e m60-1g m60-1h m60-1i\"><div class=\"x-text x-content e216-e82 m60-12 m60-13 m60-16 m60-17\"><a href=\"https:\/\/cookiepedia.co.uk\/cookies\/_gat_gtag_xxxxxxxxxxxxxxxxxxxxxxxxxxx\"> _gat_gtag_xxxxxxxxxxxxxxxxxxxxxxxxxxx<\/a><\/div><\/div><div class=\"x-cell e216-e83 m60-19 m60-1b m60-1e m60-1g m60-1i\"><div class=\"x-text x-content e216-e84 m60-12 m60-13 m60-16\"><span class=\"ot-cookies-type-td-content\">F\u00f8rste fest<\/span><\/div><\/div><\/div><\/div><\/div><\/div><\/div><\/div><\/div><\/div><div class=\"x-section e216-e85 m60-0 m60-2\"><div class=\"x-row x-container max width e216-e86 m60-3 m60-5 m60-6 m60-7 m60-9 m60-g m60-h m60-r\"><div class=\"x-row-inner\"><div class=\"x-col e216-e87 m60-t\"><div class=\"x-text x-text-headline e216-e88 m60-u m60-v m60-y m60-11\"><div class=\"x-text-content\"><div class=\"x-text-content-text\"><h3 class=\"x-text-content-text-primary\">Funktionelle cookies<\/h3>\n<\/div><\/div><\/div><div class=\"x-text x-content e216-e89 m60-12 m60-13 m60-14\">Disse cookies giver mulighed for forbedret funktionalitet og personalisering med henblik p\u00e5 f.eks. videoer og live chat. De kan blive indstillet af os eller af tredjepartsleverand\u00f8rer, hvis tjenester vi har tilf\u00f8jet til vores sider. Hvis du ikke tillader disse cookies, kan nogle eller alle disse funktionaliteter muligvis ikke fungere korrekt.<\/div><div class=\"x-row e216-e90 m60-3 m60-8 m60-d m60-h m60-s\"><div class=\"x-row-inner\"><div class=\"x-col e216-e91 m60-t\"><div class=\"x-grid e216-e92 m60-18\"><div class=\"x-cell e216-e93 m60-19 m60-1a m60-1b m60-1c m60-1d\"><div class=\"x-text x-text-headline e216-e94 m60-v m60-w m60-10\"><div class=\"x-text-content\"><div class=\"x-text-content-text\"><p class=\"x-text-content-text-primary\"><strong>Cookie-undergruppe<\/strong><\/p>\n<\/div><\/div><\/div><\/div><div class=\"x-cell e216-e95 m60-19 m60-1a m60-1b m60-1c m60-1e\"><div class=\"x-text x-text-headline e216-e96 m60-v m60-w m60-10\"><div class=\"x-text-content\"><div class=\"x-text-content-text\"><p class=\"x-text-content-text-primary\"><b>Cookies<\/b><\/p>\n<\/div><\/div><\/div><\/div><div class=\"x-cell e216-e97 m60-19 m60-1a m60-1b m60-1c m60-1e\"><div class=\"x-text x-text-headline e216-e98 m60-v m60-w m60-10\"><div class=\"x-text-content\"><div class=\"x-text-content-text\"><p class=\"x-text-content-text-primary\"><strong>Anvendte cookies Cookie<\/strong><\/p>\n<\/div><\/div><\/div><\/div><\/div><div class=\"x-grid e216-e99 m60-18\"><div class=\"x-cell e216-e100 m60-19 m60-1a m60-1e m60-1f m60-1g m60-1h\"><div class=\"x-text x-content e216-e101 m60-12 m60-13 m60-16\"><a href=\"https:\/\/cookiepedia.co.uk\/host\/cmtcw.playngonetwork.com\" rel=\"noopener\" target=\"_blank\" aria-label=\"cmtcw.playngonetwork.com \u00c5bner i et nyt vindue\">cmtcw.playngonetwork.com<\/a><\/div><\/div><div class=\"x-cell e216-e102 m60-19 m60-1b m60-1e m60-1g m60-1i\"><div class=\"x-text x-content e216-e103 m60-12 m60-13 m60-16\">_pk_ref.1.a333, _pk_ses*, _pk_id*<\/div><\/div><div class=\"x-cell e216-e104 m60-19 m60-1b m60-1e m60-1g m60-1i\"><div class=\"x-text x-content e216-e105 m60-12 m60-13 m60-16\"><span class=\"ot-cookies-type-td-content\">Tredjepart<\/span><\/div><\/div><\/div><\/div><\/div><\/div><\/div><\/div><\/div><\/div><\/div>","protected":false},"excerpt":{"rendered":"<p>07. dec 25 &#8211; 23:13 Cookie-listeEn cookie er et lille stykke data (tekstfil), som et websted \u2013 n\u00e5r det bes\u00f8ges af en bruger \u2013 beder din browser om at gemme p\u00e5 din enhed for at kunne huske oplysninger om dig, f.eks. dit foretrukne sprog eller dine loginoplysninger. Disse cookies fasts\u00e6ttes af os og kaldes f\u00f8rstepartscookies. Vi anvender ogs\u00e5 tredjepartscookies \u2013 &#8230; <\/p>\n<div><a href=\"https:\/\/bold.dk\/betting\/cookies\/\" class=\"more-link\">Read More<\/a><\/div>\n","protected":false},"author":3,"featured_media":0,"parent":0,"menu_order":0,"comment_status":"closed","ping_status":"closed","template":"template-blank-4.php","meta":{"footnotes":""},"class_list":["post-216","page","type-page","status-publish","hentry","no-post-thumbnail"],"yoast_head":"<!-- This site is optimized with the Yoast SEO plugin v27.4 - https:\/\/yoast.com\/product\/yoast-seo-wordpress\/ -->\n<title>Cookies | Bold.dk Betting<\/title>\n<meta name=\"description\" content=\"L\u00e6s hvordan Bold.dk Betting anvender cookies, og hvorfor vi bruger dem.\" \/>\n<meta name=\"robots\" content=\"index, follow, max-snippet:-1, max-image-preview:large, max-video-preview:-1\" \/>\n<link rel=\"canonical\" href=\"https:\/\/bold.dk\/betting\/cookies\/\" \/>\n<meta property=\"og:locale\" content=\"da_DK\" \/>\n<meta property=\"og:type\" content=\"article\" \/>\n<meta property=\"og:title\" content=\"Cookies | Bold.dk Betting\" \/>\n<meta property=\"og:description\" content=\"L\u00e6s hvordan Bold.dk Betting anvender cookies, og hvorfor vi bruger dem.\" \/>\n<meta property=\"og:url\" content=\"https:\/\/bold.dk\/betting\/cookies\/\" \/>\n<meta property=\"og:site_name\" content=\"Bold Betting\" \/>\n<meta property=\"article:modified_time\" content=\"2025-12-07T22:13:07+00:00\" \/>\n<meta name=\"twitter:card\" content=\"summary_large_image\" \/>\n<meta name=\"twitter:label1\" content=\"Estimeret l\u00e6setid\" \/>\n\t<meta name=\"twitter:data1\" content=\"2 minutter\" \/>\n<script type=\"application\/ld+json\" class=\"yoast-schema-graph\">{\"@context\":\"https:\\\/\\\/schema.org\",\"@graph\":[{\"@type\":\"WebPage\",\"@id\":\"https:\\\/\\\/bold.dk\\\/betting\\\/cookies\\\/\",\"url\":\"https:\\\/\\\/bold.dk\\\/betting\\\/cookies\\\/\",\"name\":\"Cookies | Bold.dk Betting\",\"isPartOf\":{\"@id\":\"https:\\\/\\\/bold.dk\\\/betting\\\/#website\"},\"datePublished\":\"2025-11-03T13:49:25+00:00\",\"dateModified\":\"2025-12-07T22:13:07+00:00\",\"description\":\"L\u00e6s hvordan Bold.dk Betting anvender cookies, og hvorfor vi bruger dem.\",\"breadcrumb\":{\"@id\":\"https:\\\/\\\/bold.dk\\\/betting\\\/cookies\\\/#breadcrumb\"},\"inLanguage\":\"da-DK\",\"potentialAction\":[{\"@type\":\"ReadAction\",\"target\":[\"https:\\\/\\\/bold.dk\\\/betting\\\/cookies\\\/\"]}]},{\"@type\":\"BreadcrumbList\",\"@id\":\"https:\\\/\\\/bold.dk\\\/betting\\\/cookies\\\/#breadcrumb\",\"itemListElement\":[{\"@type\":\"ListItem\",\"position\":1,\"name\":\"Home\",\"item\":\"https:\\\/\\\/bold.dk\\\/betting\\\/\"},{\"@type\":\"ListItem\",\"position\":2,\"name\":\"Cookies\"}]},{\"@type\":\"WebSite\",\"@id\":\"https:\\\/\\\/bold.dk\\\/betting\\\/#website\",\"url\":\"https:\\\/\\\/bold.dk\\\/betting\\\/\",\"name\":\"Bold Betting\",\"description\":\"\",\"potentialAction\":[{\"@type\":\"SearchAction\",\"target\":{\"@type\":\"EntryPoint\",\"urlTemplate\":\"https:\\\/\\\/bold.dk\\\/betting\\\/?s={search_term_string}\"},\"query-input\":{\"@type\":\"PropertyValueSpecification\",\"valueRequired\":true,\"valueName\":\"search_term_string\"}}],\"inLanguage\":\"da-DK\"}]}<\/script>\n<!-- \/ Yoast SEO plugin. -->","yoast_head_json":{"title":"Cookies | Bold.dk Betting","description":"L\u00e6s hvordan Bold.dk Betting anvender cookies, og hvorfor vi bruger dem.","robots":{"index":"index","follow":"follow","max-snippet":"max-snippet:-1","max-image-preview":"max-image-preview:large","max-video-preview":"max-video-preview:-1"},"canonical":"https:\/\/bold.dk\/betting\/cookies\/","og_locale":"da_DK","og_type":"article","og_title":"Cookies | Bold.dk Betting","og_description":"L\u00e6s hvordan Bold.dk Betting anvender cookies, og hvorfor vi bruger dem.","og_url":"https:\/\/bold.dk\/betting\/cookies\/","og_site_name":"Bold Betting","article_modified_time":"2025-12-07T22:13:07+00:00","twitter_card":"summary_large_image","twitter_misc":{"Estimeret l\u00e6setid":"2 minutter"},"schema":{"@context":"https:\/\/schema.org","@graph":[{"@type":"WebPage","@id":"https:\/\/bold.dk\/betting\/cookies\/","url":"https:\/\/bold.dk\/betting\/cookies\/","name":"Cookies | Bold.dk Betting","isPartOf":{"@id":"https:\/\/bold.dk\/betting\/#website"},"datePublished":"2025-11-03T13:49:25+00:00","dateModified":"2025-12-07T22:13:07+00:00","description":"L\u00e6s hvordan Bold.dk Betting anvender cookies, og hvorfor vi bruger dem.","breadcrumb":{"@id":"https:\/\/bold.dk\/betting\/cookies\/#breadcrumb"},"inLanguage":"da-DK","potentialAction":[{"@type":"ReadAction","target":["https:\/\/bold.dk\/betting\/cookies\/"]}]},{"@type":"BreadcrumbList","@id":"https:\/\/bold.dk\/betting\/cookies\/#breadcrumb","itemListElement":[{"@type":"ListItem","position":1,"name":"Home","item":"https:\/\/bold.dk\/betting\/"},{"@type":"ListItem","position":2,"name":"Cookies"}]},{"@type":"WebSite","@id":"https:\/\/bold.dk\/betting\/#website","url":"https:\/\/bold.dk\/betting\/","name":"Bold Betting","description":"","potentialAction":[{"@type":"SearchAction","target":{"@type":"EntryPoint","urlTemplate":"https:\/\/bold.dk\/betting\/?s={search_term_string}"},"query-input":{"@type":"PropertyValueSpecification","valueRequired":true,"valueName":"search_term_string"}}],"inLanguage":"da-DK"}]}},"_links":{"self":[{"href":"https:\/\/bold.dk\/betting\/wp-json\/wp\/v2\/pages\/216","targetHints":{"allow":["GET"]}}],"collection":[{"href":"https:\/\/bold.dk\/betting\/wp-json\/wp\/v2\/pages"}],"about":[{"href":"https:\/\/bold.dk\/betting\/wp-json\/wp\/v2\/types\/page"}],"author":[{"embeddable":true,"href":"https:\/\/bold.dk\/betting\/wp-json\/wp\/v2\/users\/3"}],"replies":[{"embeddable":true,"href":"https:\/\/bold.dk\/betting\/wp-json\/wp\/v2\/comments?post=216"}],"version-history":[{"count":17,"href":"https:\/\/bold.dk\/betting\/wp-json\/wp\/v2\/pages\/216\/revisions"}],"predecessor-version":[{"id":1023,"href":"https:\/\/bold.dk\/betting\/wp-json\/wp\/v2\/pages\/216\/revisions\/1023"}],"wp:attachment":[{"href":"https:\/\/bold.dk\/betting\/wp-json\/wp\/v2\/media?parent=216"}],"curies":[{"name":"wp","href":"https:\/\/api.w.org\/{rel}","templated":true}]}}